{"id":42,"date":"2019-07-30T13:37:44","date_gmt":"2019-07-30T11:37:44","guid":{"rendered":"https:\/\/mc2.sturzy.ch\/?page_id=42"},"modified":"2019-07-30T13:39:23","modified_gmt":"2019-07-30T11:39:23","slug":"elementor-42","status":"publish","type":"page","link":"https:\/\/mc2.sturzy.ch\/?page_id=42","title":{"rendered":"Coloriages"},"content":{"rendered":"\t\t<div data-elementor-type=\"wp-post\" data-elementor-id=\"42\" class=\"elementor elementor-42\">\n\t\t\t\t\t\t<section class=\"elementor-section elementor-top-section elementor-element elementor-element-2ccb3ce elementor-section-boxed elementor-section-height-default elementor-section-height-default\" data-id=\"2ccb3ce\" data-element_type=\"section\" data-e-type=\"section\">\n\t\t\t\t\t\t<div class=\"elementor-container elementor-column-gap-default\">\n\t\t\t\t\t<div class=\"elementor-column elementor-col-100 elementor-top-column elementor-element elementor-element-fe0ea53\" data-id=\"fe0ea53\" data-element_type=\"column\" data-e-type=\"column\">\n\t\t\t<div class=\"elementor-widget-wrap elementor-element-populated\">\n\t\t\t\t\t\t<div class=\"elementor-element elementor-element-3918e7d elementor-widget elementor-widget-text-editor\" data-id=\"3918e7d\" data-element_type=\"widget\" data-e-type=\"widget\" data-widget_type=\"text-editor.default\">\n\t\t\t\t<div class=\"elementor-widget-container\">\n\t\t\t\t\t\t\t\t\t<p><a class=\"ilink\" href=\"http:\/\/cathycreatif.free.fr\/modeles.php\" target=\"_top\">Dessins \u00e0 copier<\/a><\/p><p><a class=\"ilink\" href=\"http:\/\/www.teteamodeler.com\/\" target=\"_top\">T\u00eate \u00e0 modeler &#8230;<\/a><\/p><p><a class=\"ilink\" href=\"http:\/\/www.hugolescargot.com\/\" target=\"_top\">Dessins et coloriages pour tous les go\u00fbts<\/a><\/p>\t\t\t\t\t\t\t\t<\/div>\n\t\t\t\t<\/div>\n\t\t\t\t\t<\/div>\n\t\t<\/div>\n\t\t\t\t\t<\/div>\n\t\t<\/section>\n\t\t\t\t<\/div>\n\t\t","protected":false},"excerpt":{"rendered":"<p>Dessins \u00e0 copier T\u00eate \u00e0 modeler &#8230; Dessins et coloriages pour tous les go\u00fbts<\/p>\n","protected":false},"author":1,"featured_media":0,"parent":0,"menu_order":0,"comment_status":"closed","ping_status":"closed","template":"","meta":{"footnotes":""},"class_list":["post-42","page","type-page","status-publish","hentry","entry"],"_links":{"self":[{"href":"https:\/\/mc2.sturzy.ch\/index.php?rest_route=\/wp\/v2\/pages\/42","targetHints":{"allow":["GET"]}}],"collection":[{"href":"https:\/\/mc2.sturzy.ch\/index.php?rest_route=\/wp\/v2\/pages"}],"about":[{"href":"https:\/\/mc2.sturzy.ch\/index.php?rest_route=\/wp\/v2\/types\/page"}],"author":[{"embeddable":true,"href":"https:\/\/mc2.sturzy.ch\/index.php?rest_route=\/wp\/v2\/users\/1"}],"replies":[{"embeddable":true,"href":"https:\/\/mc2.sturzy.ch\/index.php?rest_route=%2Fwp%2Fv2%2Fcomments&post=42"}],"version-history":[{"count":3,"href":"https:\/\/mc2.sturzy.ch\/index.php?rest_route=\/wp\/v2\/pages\/42\/revisions"}],"predecessor-version":[{"id":45,"href":"https:\/\/mc2.sturzy.ch\/index.php?rest_route=\/wp\/v2\/pages\/42\/revisions\/45"}],"wp:attachment":[{"href":"https:\/\/mc2.sturzy.ch\/index.php?rest_route=%2Fwp%2Fv2%2Fmedia&parent=42"}],"curies":[{"name":"wp","href":"https:\/\/api.w.org\/{rel}","templated":true}]}}